{"id":55,"date":"2020-04-22T08:05:44","date_gmt":"2020-04-22T06:05:44","guid":{"rendered":"https:\/\/www.ioxmed.de\/?page_id=55"},"modified":"2020-11-21T14:16:11","modified_gmt":"2020-11-21T13:16:11","slug":"startseite","status":"publish","type":"page","link":"https:\/\/www.ioxmed.de\/","title":{"rendered":"Startseite"},"content":{"rendered":"\n<figure class=\"wp-block-video\"><video controls poster=\"https:\/\/www.ioxmed.de\/wp-content\/uploads\/2020\/04\/Video-Titel.jpg\" src=\"https:\/\/www.ioxmed.de\/wp-content\/uploads\/2020\/05\/German-Re.mp4\"><\/video><figcaption>Hier stellen wir ein kleines Ger\u00e4t vor, welches das Potential besitzt, R\u00e4ume und Oberfl\u00e4chen bis zu 99,999% zu entkeimen und zu desinfizieren. Das betrifft alle Bakterien, aber auch Viren mit durchl\u00e4ssiger Schutzh\u00fclle, wie zum Beispiel Corona-Viren.<\/figcaption><\/figure>\n\n\n\n<div class=\"wp-container-1 wp-block-buttons\">\n<div class=\"wp-block-button\"><a class=\"wp-block-button__link has-background has-primary-background-color\" href=\"https:\/\/www.ioxmed.de\/wp-content\/uploads\/2020\/05\/Public-Transport_FullHD.mp4\">Video f\u00fcr \u00f6ffentliche Verkehrsmittel<\/a><\/div>\n\n\n\n<div class=\"wp-block-button\"><a class=\"wp-block-button__link has-background has-primary-background-color\" href=\"https:\/\/www.ioxmed.de\/wp-content\/uploads\/2020\/05\/Allergene-Re.mp4\" target=\"_blank\" rel=\"noreferrer noopener\">Video f\u00fcr Allergiker<\/a><\/div>\n\n\n\n<div class=\"wp-block-button\"><a class=\"wp-block-button__link has-background has-primary-background-color\" href=\"https:\/\/www.ioxmed.de\/wp-content\/uploads\/2020\/05\/Dentist-Re.mp4\" target=\"_blank\" rel=\"noreferrer noopener\">Video f\u00fcr Zahnarztpraxen<\/a><\/div>\n\n\n\n<div class=\"wp-block-button\"><a class=\"wp-block-button__link has-background has-primary-background-color\" href=\"https:\/\/www.ioxmed.de\/wp-content\/uploads\/2020\/05\/Italy-Re.mp4\" target=\"_blank\" rel=\"noreferrer noopener\">Video ITALIA<\/a><\/div>\n\n\n\n<div class=\"wp-block-button\"><a class=\"wp-block-button__link has-background has-primary-background-color\" href=\"https:\/\/www.ioxmed.de\/wp-content\/uploads\/2020\/05\/English-Re.mp4\" target=\"_blank\" rel=\"noreferrer noopener\">Video ENGLISH<\/a><\/div>\n\n\n\n<div class=\"wp-block-button\"><a class=\"wp-block-button__link has-background has-primary-background-color\" href=\"https:\/\/www.ioxmed.de\/wp-content\/uploads\/2020\/05\/French-Re.mp4\" target=\"_blank\" rel=\"noreferrer noopener\">Video FRANCE<\/a><\/div>\n\n\n\n<div class=\"wp-block-button\"><a class=\"wp-block-button__link\" href=\"https:\/\/pe.ottobock.com\/en\/ot\/products\/758e2-plasma-generator.html\">Animation<\/a><\/div>\n<\/div>\n\n\n\n<h3>IOXmed<\/h3>\n\n\n\n<p>Der Plasmagenerator IOX<em>med<\/em> eignet sich zur Entfernung von Viren, Bakterien, Schimmel und Ger\u00fcchen in R\u00e4umen mit Personenaufenthalt.<\/p>\n\n\n\n<p>Der IOX<em>med<\/em> Plasmagenerator basiert auf einer hochfrequenten Plasmaentladung, bei welcher die Raumluft und Oberfl\u00e4chen behandelt werden.<\/p>\n\n\n\n<h3>Funktion<\/h3>\n\n\n\n<p>Der mobile Plasmagenerator kann individuell zur Beseitigung von Viren, Bakterien, Schimmel und Ger\u00fcchen von Luft\/Oberfl\u00e4chen und zur Desinfektion in R\u00e4umen eingesetzt werden. Dabei werden gezielt Sauerstoffradikale erzeugt, welche f\u00fcr die Desinfektion verantwortlich sind.<\/p>\n\n\n\n<p>Es ist hier nicht der Luftdurchsatz das Kriterium, sondern der Aussto\u00df an Hydroxylradikalen, welche sich im Raum verteilen und dort f\u00fcr eine Reinigung und Desinfektion der Luft sorgen. Somit ist die Wirkungsweise abh\u00e4ngig von der Zeit und nicht prim\u00e4r von der Raumgr\u00f6\u00dfe.<\/p>\n\n\n\n<p>F\u00fcr die Betrachtung der IOXmed-Technologie ist es notwendig, dass man sich vor Augen f\u00fchrt, was wann in einem Raum geschieht. So werden bei HEPA-Filtern, egal welcher Klasse, die Viren, Bakterien und Krankheitserreger zuerst durch den Raum gef\u00fchrt, mehr oder weniger berechnet, vorbei an den Atmungsorganen der Raumnutzer, um dann \u00fcber einen extrem lauten Luftw\u00e4scher gef\u00fchrt zu werden, wo die Luft gereinigt wieder in den Raum gef\u00fchrt wird. <\/p>\n\n\n\n<p>Je nach Leistungsstufe bleiben somit \u00fcber l\u00e4ngere Zeitr\u00e4ume alle vorgefundenen Bakterien, Viren oder sonstigen Krankheitserreger in der Luft und somit also potentielle Gefahr f\u00fcr die Raumnutzer, bis eben genau die durch Husten, Niesen oder Schnupfen verunreinigten Bereiche wieder an der Reihe sind, im Luftw\u00e4scher gewaschen zu werden. <\/p>\n\n\n\n<p>Bei der IOXmed-Technologie befeuern Sie den Raum unaufh\u00f6rlich mit Hydroxylradikalen. Durch die optional erh\u00e4ltliche Ultraschall-Vaporisation k\u00f6nnen wir die Luftfeuchtigkeit in den Bereich zwischen 67 und 70% heben und somit noch einen gr\u00f6\u00dferen Wirkungsgrad erzielen. Weiterhin bieten wir eine integrierte CO-2 Ampel an, welche sowohl akustisch, wie auch optisch zur \u00d6ffnung von Fenstern oder zum gr\u00f6\u00dferen Luftaustausch bei L\u00fcftungsanlagen auffordern. Mit dem bew\u00e4hrten Risk-Management f\u00fcr Keimlasten k\u00f6nnen auch die Keimlasten in der Luft gemessen werden (optional) um dann auch den Wirkungsgrad festzustellen. <\/p>\n\n\n\n<p>Die hochreaktiven Sauerstoffradikale reagieren schnell mit einer Vielzahl von organischen\/anorganischen Verbindungen, dadurch werden die belastete Luft und Oberfl\u00e4chen einwandfrei und zuverl\u00e4ssig geruchsneutralisiert und desinfiziert. Die produzierten Sauerstoffradikale werden durch einen Oxidationsprozess in einer bestimmten Zeit vollst\u00e4ndig verbraucht und zerfallen wieder zu Sauerstoff.<\/p>\n\n\n\n<div style=\"height:100px\" aria-hidden=\"true\" class=\"wp-block-spacer\"><\/div>\n\n\n\n<h2>Gepr\u00fcft<\/h2>\n\n\n\n<p>Um die Wirksamkeit unseres IOXmed Plasmagenerators sicher nachzuweisen, haben wir eine Studie durch die Umwelthygiene Marburg GmbH &amp; Co KG und der Dr. Schmelz GmbH Malsfeld durchf\u00fchren lassen. <\/p>\n\n\n\n<p>Die notwendigen Untersuchungen wurden auf Grundlage der Vorschriften der DGHM erstellt. Die &#8222;Deutsche Gesellschaft Hygiene und Mikrobiologie&#8220; ist im Bereich Verfahrenssicherheit der Standard in Europa.<\/p>\n\n\n\n<p>Weitere Gutachten au\u00dferhalb der \u00fcblichen Wege werden zur Zeit durch verschiedene Universit\u00e4ten oder Hochschulen erstell, sind jedoch nicht mit der Wirkungsweise und der Sicherheit, sondern mit der Weiterentwicklung besch\u00e4ftigt. <\/p>\n\n\n\n<div class=\"wp-container-2 wp-block-buttons\">\n<div class=\"wp-block-button\"><a class=\"wp-block-button__link has-background has-primary-background-color\" href=\"https:\/\/www.ioxmed.de\/wp-content\/uploads\/2020\/05\/Kurzgutachten-Plasma.pdf\">Kurzversion des Vollgutachtens<\/a><\/div>\n<\/div>\n\n\n\n<hr class=\"wp-block-separator\"\/>\n\n\n\n<h2>Ger\u00e4te und Preise<\/h2>\n\n\n\n<figure class=\"wp-block-image size-large\"><img loading=\"lazy\" width=\"1024\" height=\"768\" src=\"https:\/\/www.ioxmed.de\/wp-content\/uploads\/2020\/11\/C46EADBD-751C-44E0-84FC-2920FA5E4DD5-1024x768.jpeg\" alt=\"\" class=\"wp-image-192\" srcset=\"https:\/\/www.ioxmed.de\/wp-content\/uploads\/2020\/11\/C46EADBD-751C-44E0-84FC-2920FA5E4DD5-1024x768.jpeg 1024w, https:\/\/www.ioxmed.de\/wp-content\/uploads\/2020\/11\/C46EADBD-751C-44E0-84FC-2920FA5E4DD5-300x225.jpeg 300w, https:\/\/www.ioxmed.de\/wp-content\/uploads\/2020\/11\/C46EADBD-751C-44E0-84FC-2920FA5E4DD5-768x576.jpeg 768w, https:\/\/www.ioxmed.de\/wp-content\/uploads\/2020\/11\/C46EADBD-751C-44E0-84FC-2920FA5E4DD5-1536x1152.jpeg 1536w, https:\/\/www.ioxmed.de\/wp-content\/uploads\/2020\/11\/C46EADBD-751C-44E0-84FC-2920FA5E4DD5.jpeg 1600w\" sizes=\"(max-width: 1024px) 100vw, 1024px\" \/><figcaption>Das IOXmed Ger\u00e4t<\/figcaption><\/figure>\n\n\n\n<div class=\"wp-container-6 wp-block-columns\">\n<div class=\"wp-container-3 wp-block-column\">\n<p><\/p>\n\n\n\n<p>IOXmed 30<\/p>\n<\/div>\n\n\n\n<div class=\"wp-container-4 wp-block-column\">\n<p><\/p>\n\n\n\n<p> <\/p>\n\n\n\n<p><\/p>\n\n\n\n<p><\/p>\n<\/div>\n\n\n\n<div class=\"wp-container-5 wp-block-column\">\n<p><\/p>\n\n\n\n<p><\/p>\n\n\n\n<p><\/p>\n<\/div>\n<\/div>\n\n\n\n<p><\/p>\n\n\n\n<p><\/p>\n\n\n\n<p>F\u00fcr weitere Informationen schreiben Sie uns bitte ausschlie\u00dflich per Email an<\/p>\n\n\n\n<p><\/p>\n\n\n\n<hr class=\"wp-block-separator\"\/>\n\n\n\n<p><\/p>\n","protected":false},"excerpt":{"rendered":"<p>IOXmed Der Plasmagenerator IOXmed eignet sich zur Entfernung von Viren, Bakterien, Schimmel und Ger\u00fcchen in R\u00e4umen mit Personenaufenthalt. Der IOXmed&hellip;<\/p>\n","protected":false},"author":1,"featured_media":148,"parent":97,"menu_order":0,"comment_status":"closed","ping_status":"closed","template":"","meta":[],"_links":{"self":[{"href":"https:\/\/www.ioxmed.de\/index.php?rest_route=\/wp\/v2\/pages\/55"}],"collection":[{"href":"https:\/\/www.ioxmed.de\/index.php?rest_route=\/wp\/v2\/pages"}],"about":[{"href":"https:\/\/www.ioxmed.de\/index.php?rest_route=\/wp\/v2\/types\/page"}],"author":[{"embeddable":true,"href":"https:\/\/www.ioxmed.de\/index.php?rest_route=\/wp\/v2\/users\/1"}],"replies":[{"embeddable":true,"href":"https:\/\/www.ioxmed.de\/index.php?rest_route=%2Fwp%2Fv2%2Fcomments&post=55"}],"version-history":[{"count":57,"href":"https:\/\/www.ioxmed.de\/index.php?rest_route=\/wp\/v2\/pages\/55\/revisions"}],"predecessor-version":[{"id":207,"href":"https:\/\/www.ioxmed.de\/index.php?rest_route=\/wp\/v2\/pages\/55\/revisions\/207"}],"up":[{"embeddable":true,"href":"https:\/\/www.ioxmed.de\/index.php?rest_route=\/wp\/v2\/pages\/97"}],"wp:featuredmedia":[{"embeddable":true,"href":"https:\/\/www.ioxmed.de\/index.php?rest_route=\/wp\/v2\/media\/148"}],"wp:attachment":[{"href":"https:\/\/www.ioxmed.de\/index.php?rest_route=%2Fwp%2Fv2%2Fmedia&parent=55"}],"curies":[{"name":"wp","href":"https:\/\/api.w.org\/{rel}","templated":true}]}}