{"id":2,"date":"2020-04-17T14:34:04","date_gmt":"2020-04-17T12:34:04","guid":{"rendered":"https:\/\/www.ioxmed.de\/?page_id=2"},"modified":"2020-05-05T17:53:07","modified_gmt":"2020-05-05T15:53:07","slug":"beispiel-seite","status":"publish","type":"page","link":"https:\/\/www.ioxmed.de\/?page_id=2","title":{"rendered":"Neuigkeiten"},"content":{"rendered":"\n<p>Wir haben es geschafft.<\/p>\n\n\n\n<div class=\"wp-block-media-text alignwide is-stacked-on-mobile is-vertically-aligned-center\" style=\"grid-template-columns:62% auto\"><figure class=\"wp-block-media-text__media\"><img loading=\"lazy\" width=\"1024\" height=\"682\" src=\"https:\/\/www.ioxmed.de\/wp-content\/uploads\/2020\/05\/luftungsschlitze-1-1024x682.jpg\" alt=\"\" class=\"wp-image-142\" srcset=\"https:\/\/www.ioxmed.de\/wp-content\/uploads\/2020\/05\/luftungsschlitze-1-1024x682.jpg 1024w, https:\/\/www.ioxmed.de\/wp-content\/uploads\/2020\/05\/luftungsschlitze-1-300x200.jpg 300w, https:\/\/www.ioxmed.de\/wp-content\/uploads\/2020\/05\/luftungsschlitze-1-768x512.jpg 768w, https:\/\/www.ioxmed.de\/wp-content\/uploads\/2020\/05\/luftungsschlitze-1.jpg 1280w\" sizes=\"(max-width: 1024px) 100vw, 1024px\" \/><\/figure><div class=\"wp-block-media-text__content\">\n<p class=\"has-large-font-size\">Es ist kein Ozon&#8230;<\/p>\n\n\n\n<p>es ist Plasmatechnologie<\/p>\n<\/div><\/div>\n\n\n\n<p>Nach unz\u00e4hligen Versuchen und auch R\u00fcckschl\u00e4gen haben wir es geschafft und k\u00f6nnen mit dem IOXmed Mobil ein neues Instrument f\u00fcr die Reinhaltung und Entkeimung der Innenluft bei Fahrzeugen anbieten. <\/p>\n\n\n\n<p>Als erster Anbieter haben wir eine komplette Plasma-Einheit f\u00fcr den Einbau in Taxis, Limousinen, Busse, Schiffe oder aber auch in Neufahrzeugen entworfen und produziert. Auch f\u00fcr Zugabteile, Stra\u00dfenbahnen und \u00f6ffentliche Verkehrsmittel wie Busse und S-Bahnen, U-Bahnen und Schwebebahnen. <\/p>\n\n\n\n<p>Diese, vollkommen autark anzuschlie\u00dfende Einheit wird \u00fcber ein kleine \u00d6ffnung direkt in den L\u00fcftungsschacht der betroffenen Fahrzeugen eingebracht. Der Durchmesser der \u00d6ffnung ist ca. 12 mm und nimmt die Plasma-Einheit auf. F\u00fcr die \u00dcberstr\u00f6mung sorgt das eingeschaltete Gebl\u00e4se des Fahrzeuges. Mit dieser Steuerung wird auch die 12 V &#8211; Versorgung der Elektronik angeschlossen. Mit Einschalten der L\u00fcftung beginnt auch die Produktion von Hydroxyl-Ionen, die in kurzer Zeit den gesamten Fahrzeuginnenraum desinfizieren und die Oberfl\u00e4chen ebenso entkeimen. Unangenehme Ger\u00fcche werden als zus\u00e4tzliches Ergebnis ebenfalls vollst\u00e4ndig entfernt. <\/p>\n\n\n\n<p>Diese Plasma-Einheit ist nachr\u00fcstbar und unverzichtbar f\u00fcr Leihfahrzeuge, UBER, Rental-Cars, Taxis, Limousinen-Service, Flotten-Management und Firmenfahrzeugen mit unterschiedlichen Fahrern und Fahrg\u00e4sten. <\/p>\n\n\n\n<p>Sprechen Sie uns an und lassen Sie sich Ihre Plasma-Nachr\u00fcst-Kits noch heute reservieren. Die Auslieferung beginnt Ende Mai.<\/p>\n\n\n\n<p>Bitte beachten Sie, dass Sie mit unserer mobilen Einheit eine CE-konforme Einheit erhalten, die nicht zu verwechseln ist mit billigen China-Ozon-Ger\u00e4ten, die weder einen medizinischen Wirknachweis haben, und schon gar keine Betriebszulassung f\u00fcr den europ\u00e4ischen Kontinent. <\/p>\n\n\n\n<p>Wir produzieren gerade kein Ozon, oder nur soviel, dass es den zul\u00e4ssigen MAK-Wert nicht \u00fcberschreitet. Nicht thermisches Plasma ist eine Technologie, die mehr Wissen und technologischen Einsatz erfordert, als pures Ozon zu produzieren, das obendrein in den Verdacht steht, krebserregend zu sein. <\/p>\n\n\n\n<p><\/p>\n\n\n\n<p><\/p>\n\n\n\n<p><\/p>\n\n\n\n<p><\/p>\n\n\n\n<p><\/p>\n","protected":false},"excerpt":{"rendered":"<p>Wir haben es geschafft. Es ist kein Ozon&#8230; es ist Plasmatechnologie Nach unz\u00e4hligen Versuchen und auch R\u00fcckschl\u00e4gen haben wir es&hellip;<\/p>\n","protected":false},"author":1,"featured_media":0,"parent":0,"menu_order":0,"comment_status":"closed","ping_status":"open","template":"","meta":[],"_links":{"self":[{"href":"https:\/\/www.ioxmed.de\/index.php?rest_route=\/wp\/v2\/pages\/2"}],"collection":[{"href":"https:\/\/www.ioxmed.de\/index.php?rest_route=\/wp\/v2\/pages"}],"about":[{"href":"https:\/\/www.ioxmed.de\/index.php?rest_route=\/wp\/v2\/types\/page"}],"author":[{"embeddable":true,"href":"https:\/\/www.ioxmed.de\/index.php?rest_route=\/wp\/v2\/users\/1"}],"replies":[{"embeddable":true,"href":"https:\/\/www.ioxmed.de\/index.php?rest_route=%2Fwp%2Fv2%2Fcomments&post=2"}],"version-history":[{"count":4,"href":"https:\/\/www.ioxmed.de\/index.php?rest_route=\/wp\/v2\/pages\/2\/revisions"}],"predecessor-version":[{"id":144,"href":"https:\/\/www.ioxmed.de\/index.php?rest_route=\/wp\/v2\/pages\/2\/revisions\/144"}],"wp:attachment":[{"href":"https:\/\/www.ioxmed.de\/index.php?rest_route=%2Fwp%2Fv2%2Fmedia&parent=2"}],"curies":[{"name":"wp","href":"https:\/\/api.w.org\/{rel}","templated":true}]}}